{"id":928,"date":"2023-02-14T23:42:25","date_gmt":"2023-02-14T22:42:25","guid":{"rendered":"http:\/\/www.campingparadies.at\/?page_id=928"},"modified":"2026-01-09T14:25:17","modified_gmt":"2026-01-09T13:25:17","slug":"maltschacher-seewirt","status":"publish","type":"page","link":"https:\/\/www.campingparadies.at\/?page_id=928","title":{"rendered":"Maltschacher Seewirt"},"content":{"rendered":"\n<figure class=\"wp-block-table is-style-regular\"><table class=\"has-black-color has-text-color\"><tbody><tr><td><h6><mark style=\"background-color:rgba(0, 0, 0, 0)\" class=\"has-inline-color has-luminous-vivid-orange-color\"><br><br>Maltschacher Seewirt<\/mark><\/h6><br>Urlaubsfeeling rein &#8211; Alltag raus! Hier am Maltschacher See kann man noch wahrlich die Seele baumeln lassen. Unser kleiner, famili\u00e4rer Campingplatz mit gerade einmal 45 Touristenpl\u00e4tzen l\u00e4dt dazu ein, die Zehen ins Wasser zu tauchen und sich ausgiebig zu entspannen. Dank unserer zentralen Lage liegen ganz K\u00e4rnten und der Alpe Adria Raum vor der Haust\u00fcr. Also die Sonne in der H\u00e4ngematte genie\u00dfen und ab und zu ins Wasser eines der w\u00e4rmsten Badeseen \u00d6sterreichs springen oder lieber fr\u00fch morgens raus und aktiv die Wanderwege der Region und der nahen Nockberge erkunden?<br><br>Es liegt ganz an Ihnen &#8211; auf jeden Fall erwartet Sie nach Ihrer R\u00fcckkehr ein herrlicher Platz auf unserer Seeterrasse mit den passenden regionalen Schmankerln. Unser Team freut sich, Ihnen jeden Wunsch von den Augen abzulesen und Sie mit den besten Produkten unserer regionalen Lieferanten nach Strich und Faden zu verw\u00f6hnen! Wir freuen uns schon darauf, Sie bei uns willkommen zu hei\u00dfen!<br><br><h6><mark style=\"background-color:rgba(0, 0, 0, 0)\" class=\"has-inline-color has-luminous-vivid-orange-color\">Kontakt:<\/mark><\/h6>Familie Spie\u00df<br>Maltschach am See 2<br>9560 Feldkirchen in K\u00e4rnten<br>Tel.: 0043 4277 2637<br>Email: office(at)seewirt-spiess.com<br><br><a href=\"https:\/\/seewirt-spiess.com\/de\/\" target=\"_blank\" rel=\"noreferrer noopener\">Zur Homepage<\/a><\/td><td><img loading=\"lazy\" decoding=\"async\" width=\"900\" height=\"895\" class=\"wp-image-929\" style=\"width: 900px;\" src=\"https:\/\/www.campingparadies.at\/wp-content\/uploads\/2023\/02\/seewirt-1.jpg\" alt=\"\" srcset=\"https:\/\/www.campingparadies.at\/wp-content\/uploads\/2023\/02\/seewirt-1.jpg 1207w, https:\/\/www.campingparadies.at\/wp-content\/uploads\/2023\/02\/seewirt-1-300x298.jpg 300w, https:\/\/www.campingparadies.at\/wp-content\/uploads\/2023\/02\/seewirt-1-1024x1018.jpg 1024w, https:\/\/www.campingparadies.at\/wp-content\/uploads\/2023\/02\/seewirt-1-150x150.jpg 150w, https:\/\/www.campingparadies.at\/wp-content\/uploads\/2023\/02\/seewirt-1-768x764.jpg 768w\" sizes=\"auto, (max-width: 900px) 100vw, 900px\" \/><br><br><h6><mark style=\"background-color:rgba(0, 0, 0, 0)\" class=\"has-inline-color has-luminous-vivid-orange-color\">Details:<\/mark><\/h6>&#8211; direkt am See<br>&#8211; Appartements<br>&#8211; Familienbungalows<br> &#8211; ausgezeichnetes Restaurant mit Seeterrasse<br>&#8211; Kinderspielplatz<br><br><br><br><br><\/td><\/tr><\/tbody><\/table><\/figure>\n\n\n\n<figure class=\"wp-block-gallery has-nested-images columns-default is-cropped wp-block-gallery-1 is-layout-flex wp-block-gallery-is-layout-flex\">\n<figure class=\"wp-block-image size-large\"><img loading=\"lazy\" decoding=\"async\" width=\"1024\" height=\"1018\" data-id=\"929\" src=\"https:\/\/www.campingparadies.at\/wp-content\/uploads\/2023\/02\/seewirt-1-1024x1018.jpg\" alt=\"\" class=\"wp-image-929\" srcset=\"https:\/\/www.campingparadies.at\/wp-content\/uploads\/2023\/02\/seewirt-1-1024x1018.jpg 1024w, https:\/\/www.campingparadies.at\/wp-content\/uploads\/2023\/02\/seewirt-1-300x298.jpg 300w, https:\/\/www.campingparadies.at\/wp-content\/uploads\/2023\/02\/seewirt-1-150x150.jpg 150w, https:\/\/www.campingparadies.at\/wp-content\/uploads\/2023\/02\/seewirt-1-768x764.jpg 768w, https:\/\/www.campingparadies.at\/wp-content\/uploads\/2023\/02\/seewirt-1.jpg 1207w\" sizes=\"auto, (max-width: 1024px) 100vw, 1024px\" \/><\/figure>\n\n\n\n<figure class=\"wp-block-image size-large\"><img loading=\"lazy\" decoding=\"async\" width=\"1024\" height=\"570\" data-id=\"930\" src=\"https:\/\/www.campingparadies.at\/wp-content\/uploads\/2023\/02\/seewirt-3-1024x570.jpg\" alt=\"\" class=\"wp-image-930\" srcset=\"https:\/\/www.campingparadies.at\/wp-content\/uploads\/2023\/02\/seewirt-3-1024x570.jpg 1024w, https:\/\/www.campingparadies.at\/wp-content\/uploads\/2023\/02\/seewirt-3-300x167.jpg 300w, https:\/\/www.campingparadies.at\/wp-content\/uploads\/2023\/02\/seewirt-3-768x428.jpg 768w, https:\/\/www.campingparadies.at\/wp-content\/uploads\/2023\/02\/seewirt-3-1536x855.jpg 1536w, https:\/\/www.campingparadies.at\/wp-content\/uploads\/2023\/02\/seewirt-3-800x445.jpg 800w, https:\/\/www.campingparadies.at\/wp-content\/uploads\/2023\/02\/seewirt-3.jpg 1600w\" sizes=\"auto, (max-width: 1024px) 100vw, 1024px\" \/><\/figure>\n\n\n\n<figure class=\"wp-block-image size-large\"><img loading=\"lazy\" decoding=\"async\" width=\"1024\" height=\"625\" data-id=\"934\" src=\"https:\/\/www.campingparadies.at\/wp-content\/uploads\/2023\/02\/seewirt8-1024x625.jpg\" alt=\"\" class=\"wp-image-934\" srcset=\"https:\/\/www.campingparadies.at\/wp-content\/uploads\/2023\/02\/seewirt8-1024x625.jpg 1024w, https:\/\/www.campingparadies.at\/wp-content\/uploads\/2023\/02\/seewirt8-300x183.jpg 300w, https:\/\/www.campingparadies.at\/wp-content\/uploads\/2023\/02\/seewirt8-768x468.jpg 768w, https:\/\/www.campingparadies.at\/wp-content\/uploads\/2023\/02\/seewirt8.jpg 1500w\" sizes=\"auto, (max-width: 1024px) 100vw, 1024px\" \/><\/figure>\n\n\n\n<figure class=\"wp-block-image size-large\"><img loading=\"lazy\" decoding=\"async\" width=\"1024\" height=\"625\" data-id=\"933\" src=\"https:\/\/www.campingparadies.at\/wp-content\/uploads\/2023\/02\/seewirt-7-1024x625.jpg\" alt=\"\" class=\"wp-image-933\" srcset=\"https:\/\/www.campingparadies.at\/wp-content\/uploads\/2023\/02\/seewirt-7-1024x625.jpg 1024w, https:\/\/www.campingparadies.at\/wp-content\/uploads\/2023\/02\/seewirt-7-300x183.jpg 300w, https:\/\/www.campingparadies.at\/wp-content\/uploads\/2023\/02\/seewirt-7-768x468.jpg 768w, https:\/\/www.campingparadies.at\/wp-content\/uploads\/2023\/02\/seewirt-7.jpg 1500w\" sizes=\"auto, (max-width: 1024px) 100vw, 1024px\" \/><\/figure>\n\n\n\n<figure class=\"wp-block-image size-large\"><img loading=\"lazy\" decoding=\"async\" width=\"1024\" height=\"682\" data-id=\"931\" src=\"https:\/\/www.campingparadies.at\/wp-content\/uploads\/2023\/02\/seewirt-4-1024x682.jpg\" alt=\"\" class=\"wp-image-931\" srcset=\"https:\/\/www.campingparadies.at\/wp-content\/uploads\/2023\/02\/seewirt-4-1024x682.jpg 1024w, https:\/\/www.campingparadies.at\/wp-content\/uploads\/2023\/02\/seewirt-4-300x200.jpg 300w, https:\/\/www.campingparadies.at\/wp-content\/uploads\/2023\/02\/seewirt-4-768x512.jpg 768w, https:\/\/www.campingparadies.at\/wp-content\/uploads\/2023\/02\/seewirt-4.jpg 1300w\" sizes=\"auto, (max-width: 1024px) 100vw, 1024px\" \/><\/figure>\n\n\n\n<figure class=\"wp-block-image size-large\"><img loading=\"lazy\" decoding=\"async\" width=\"1024\" height=\"625\" data-id=\"932\" src=\"https:\/\/www.campingparadies.at\/wp-content\/uploads\/2023\/02\/seewirt-5-1024x625.jpg\" alt=\"\" class=\"wp-image-932\" srcset=\"https:\/\/www.campingparadies.at\/wp-content\/uploads\/2023\/02\/seewirt-5-1024x625.jpg 1024w, https:\/\/www.campingparadies.at\/wp-content\/uploads\/2023\/02\/seewirt-5-300x183.jpg 300w, https:\/\/www.campingparadies.at\/wp-content\/uploads\/2023\/02\/seewirt-5-768x468.jpg 768w, https:\/\/www.campingparadies.at\/wp-content\/uploads\/2023\/02\/seewirt-5.jpg 1500w\" sizes=\"auto, (max-width: 1024px) 100vw, 1024px\" \/><\/figure>\n<\/figure>\n","protected":false},"excerpt":{"rendered":"<p>Maltschacher Seewirt Urlaubsfeeling rein &#8211; Alltag raus! Hier am Maltschacher See kann man noch wahrlich die Seele baumeln lassen. Unser<\/p>\n","protected":false},"author":1,"featured_media":0,"parent":534,"menu_order":0,"comment_status":"closed","ping_status":"closed","template":"","meta":{"colormag_page_container_layout":"default_layout","colormag_page_sidebar_layout":"default_layout","_bbp_topic_count":0,"_bbp_reply_count":0,"_bbp_total_topic_count":0,"_bbp_total_reply_count":0,"_bbp_voice_count":0,"_bbp_anonymous_reply_count":0,"_bbp_topic_count_hidden":0,"_bbp_reply_count_hidden":0,"_bbp_forum_subforum_count":0,"footnotes":""},"class_list":["post-928","page","type-page","status-publish","hentry"],"_links":{"self":[{"href":"https:\/\/www.campingparadies.at\/index.php?rest_route=\/wp\/v2\/pages\/928","targetHints":{"allow":["GET"]}}],"collection":[{"href":"https:\/\/www.campingparadies.at\/index.php?rest_route=\/wp\/v2\/pages"}],"about":[{"href":"https:\/\/www.campingparadies.at\/index.php?rest_route=\/wp\/v2\/types\/page"}],"author":[{"embeddable":true,"href":"https:\/\/www.campingparadies.at\/index.php?rest_route=\/wp\/v2\/users\/1"}],"replies":[{"embeddable":true,"href":"https:\/\/www.campingparadies.at\/index.php?rest_route=%2Fwp%2Fv2%2Fcomments&post=928"}],"version-history":[{"count":2,"href":"https:\/\/www.campingparadies.at\/index.php?rest_route=\/wp\/v2\/pages\/928\/revisions"}],"predecessor-version":[{"id":1082,"href":"https:\/\/www.campingparadies.at\/index.php?rest_route=\/wp\/v2\/pages\/928\/revisions\/1082"}],"up":[{"embeddable":true,"href":"https:\/\/www.campingparadies.at\/index.php?rest_route=\/wp\/v2\/pages\/534"}],"wp:attachment":[{"href":"https:\/\/www.campingparadies.at\/index.php?rest_route=%2Fwp%2Fv2%2Fmedia&parent=928"}],"curies":[{"name":"wp","href":"https:\/\/api.w.org\/{rel}","templated":true}]}}