{"id":740,"date":"2022-02-21T16:54:08","date_gmt":"2022-02-21T15:54:08","guid":{"rendered":"http:\/\/www.campingparadies.at\/?page_id=740"},"modified":"2026-01-09T14:25:38","modified_gmt":"2026-01-09T13:25:38","slug":"terrassencamping-pesenthein","status":"publish","type":"page","link":"https:\/\/www.campingparadies.at\/?page_id=740","title":{"rendered":"Terrassencamping Pesenthein"},"content":{"rendered":"\n<figure class=\"wp-block-table is-style-regular\"><table class=\"has-black-color has-text-color\"><tbody><tr><td><h6><mark style=\"background-color:rgba(0, 0, 0, 0)\" class=\"has-inline-color has-luminous-vivid-orange-color\"><br><br>Terrassencamping Pesenthein<\/mark><\/h6><br>Der Campingplatz Pesenthein liegt direkt am Millst\u00e4tter See, im Herzen K\u00e4rntens. Der Campingplatz ist sowohl f\u00fcr Wohnwagen als auch f\u00fcr Wohnmobile einfach zu erreichen. A10 Tauernautobahn, Abfahrt Seeboden-Millst\u00e4tter See, dann ca. 15 km in Richtung Millstatt\/Radenthein entlang des Seeufers. Hier finden Naturliebhaber und Sonnenanbeter ihren pers\u00f6nlichen \u201eLogenplatz\u201c direkt am See.<br><br>Auf einer Fl\u00e4che von 5000 Quadratmetern befinden sich ca. 200 gro\u00dfz\u00fcgige, individuelle Stellpl\u00e4tze mit Aussicht\u00a0auf den von Bergen umrahmten See.<br><br><h6><mark style=\"background-color:rgba(0, 0, 0, 0)\" class=\"has-inline-color has-luminous-vivid-orange-color\">Kontakt:<\/mark><\/h6>Pesenthein 19<br>9872 Pesenthein\/Millstatt<br>Telefon: 0043 4766 2665<br>Email: camping(at)pesenthein.at<br><br><a href=\"https:\/\/www.badehaus-millstaettersee.at\/fkk-camping-pesenthein\/\" target=\"_blank\" rel=\"noreferrer noopener\">Zur Homepage<\/a><br><br><a href=\"https:\/\/www.millstaettersee.com\/de\/millstatt\/unterkuenfte\/details\/campingplatz\/terrassencamping-pesenthein.html\" target=\"_blank\" rel=\"noreferrer noopener\">Buchungslink (neuer Tab)<\/a><\/td><td><img loading=\"lazy\" decoding=\"async\" width=\"1000\" height=\"749\" class=\"wp-image-746\" style=\"width: 1000px;\" src=\"https:\/\/www.campingparadies.at\/wp-content\/uploads\/2022\/02\/millstaetterbaederbetriebsgmbh_print\u00a9gert_perauer-27-0028-1-1024x767-1.jpg\" alt=\"\" srcset=\"https:\/\/www.campingparadies.at\/wp-content\/uploads\/2022\/02\/millstaetterbaederbetriebsgmbh_print\u00a9gert_perauer-27-0028-1-1024x767-1.jpg 1024w, https:\/\/www.campingparadies.at\/wp-content\/uploads\/2022\/02\/millstaetterbaederbetriebsgmbh_print\u00a9gert_perauer-27-0028-1-1024x767-1-300x225.jpg 300w, https:\/\/www.campingparadies.at\/wp-content\/uploads\/2022\/02\/millstaetterbaederbetriebsgmbh_print\u00a9gert_perauer-27-0028-1-1024x767-1-768x575.jpg 768w\" sizes=\"auto, (max-width: 1000px) 100vw, 1000px\" \/><br><br><h6><mark style=\"background-color:rgba(0, 0, 0, 0)\" class=\"has-inline-color has-luminous-vivid-orange-color\">Details:<\/mark><\/h6>&#8211; Eigenes Strandbad<br>&#8211; Textil- und FKK Camping<br>&#8211; Biwak liberta auf der h\u00f6chsten Terrasse des Campingplatzes<br>&#8211; Kinderspielplatz<br>&#8211; Aufenthaltsr\u00e4ume und Fernsehraum<br>&#8211; Kiosk<br><br><br><br><br><br><\/td><\/tr><\/tbody><\/table><\/figure>\n\n\n\n<figure class=\"wp-block-gallery has-nested-images columns-default is-cropped wp-block-gallery-1 is-layout-flex wp-block-gallery-is-layout-flex\">\n<figure class=\"wp-block-image size-large\"><img loading=\"lazy\" decoding=\"async\" width=\"1024\" height=\"681\" data-id=\"742\" src=\"https:\/\/www.campingparadies.at\/wp-content\/uploads\/2022\/02\/075-1024x681-1.jpg\" alt=\"\" class=\"wp-image-742\" srcset=\"https:\/\/www.campingparadies.at\/wp-content\/uploads\/2022\/02\/075-1024x681-1.jpg 1024w, https:\/\/www.campingparadies.at\/wp-content\/uploads\/2022\/02\/075-1024x681-1-300x200.jpg 300w, https:\/\/www.campingparadies.at\/wp-content\/uploads\/2022\/02\/075-1024x681-1-768x511.jpg 768w\" sizes=\"auto, (max-width: 1024px) 100vw, 1024px\" \/><\/figure>\n\n\n\n<figure class=\"wp-block-image size-large\"><img loading=\"lazy\" decoding=\"async\" width=\"1024\" height=\"681\" data-id=\"744\" src=\"https:\/\/www.campingparadies.at\/wp-content\/uploads\/2022\/02\/125-1-1024x681-1.jpg\" alt=\"\" class=\"wp-image-744\" srcset=\"https:\/\/www.campingparadies.at\/wp-content\/uploads\/2022\/02\/125-1-1024x681-1.jpg 1024w, https:\/\/www.campingparadies.at\/wp-content\/uploads\/2022\/02\/125-1-1024x681-1-300x200.jpg 300w, https:\/\/www.campingparadies.at\/wp-content\/uploads\/2022\/02\/125-1-1024x681-1-768x511.jpg 768w\" sizes=\"auto, (max-width: 1024px) 100vw, 1024px\" \/><\/figure>\n\n\n\n<figure class=\"wp-block-image size-large\"><img loading=\"lazy\" decoding=\"async\" width=\"1024\" height=\"681\" data-id=\"743\" src=\"https:\/\/www.campingparadies.at\/wp-content\/uploads\/2022\/02\/148-1024x681-1.jpg\" alt=\"\" class=\"wp-image-743\" srcset=\"https:\/\/www.campingparadies.at\/wp-content\/uploads\/2022\/02\/148-1024x681-1.jpg 1024w, https:\/\/www.campingparadies.at\/wp-content\/uploads\/2022\/02\/148-1024x681-1-300x200.jpg 300w, https:\/\/www.campingparadies.at\/wp-content\/uploads\/2022\/02\/148-1024x681-1-768x511.jpg 768w\" sizes=\"auto, (max-width: 1024px) 100vw, 1024px\" \/><\/figure>\n\n\n\n<figure class=\"wp-block-image size-large\"><img loading=\"lazy\" decoding=\"async\" width=\"724\" height=\"1024\" data-id=\"741\" src=\"https:\/\/www.campingparadies.at\/wp-content\/uploads\/2022\/02\/Lageplan-Camping-Pesenthein-2021-724x1024-1.jpg\" alt=\"\" class=\"wp-image-741\" srcset=\"https:\/\/www.campingparadies.at\/wp-content\/uploads\/2022\/02\/Lageplan-Camping-Pesenthein-2021-724x1024-1.jpg 724w, https:\/\/www.campingparadies.at\/wp-content\/uploads\/2022\/02\/Lageplan-Camping-Pesenthein-2021-724x1024-1-212x300.jpg 212w\" sizes=\"auto, (max-width: 724px) 100vw, 724px\" \/><\/figure>\n\n\n\n<figure class=\"wp-block-image size-large\"><img loading=\"lazy\" decoding=\"async\" width=\"1024\" height=\"767\" data-id=\"746\" src=\"https:\/\/www.campingparadies.at\/wp-content\/uploads\/2022\/02\/millstaetterbaederbetriebsgmbh_print\u00a9gert_perauer-27-0028-1-1024x767-1.jpg\" alt=\"\" class=\"wp-image-746\" srcset=\"https:\/\/www.campingparadies.at\/wp-content\/uploads\/2022\/02\/millstaetterbaederbetriebsgmbh_print\u00a9gert_perauer-27-0028-1-1024x767-1.jpg 1024w, https:\/\/www.campingparadies.at\/wp-content\/uploads\/2022\/02\/millstaetterbaederbetriebsgmbh_print\u00a9gert_perauer-27-0028-1-1024x767-1-300x225.jpg 300w, https:\/\/www.campingparadies.at\/wp-content\/uploads\/2022\/02\/millstaetterbaederbetriebsgmbh_print\u00a9gert_perauer-27-0028-1-1024x767-1-768x575.jpg 768w\" sizes=\"auto, (max-width: 1024px) 100vw, 1024px\" \/><\/figure>\n\n\n\n<figure class=\"wp-block-image size-large\"><img loading=\"lazy\" decoding=\"async\" width=\"1024\" height=\"683\" data-id=\"745\" src=\"https:\/\/www.campingparadies.at\/wp-content\/uploads\/2022\/02\/millstaetterbaederbetriebsgmbh_print\u00a9gert_perauer-60-332-1024x683-1.jpg\" alt=\"\" class=\"wp-image-745\" srcset=\"https:\/\/www.campingparadies.at\/wp-content\/uploads\/2022\/02\/millstaetterbaederbetriebsgmbh_print\u00a9gert_perauer-60-332-1024x683-1.jpg 1024w, https:\/\/www.campingparadies.at\/wp-content\/uploads\/2022\/02\/millstaetterbaederbetriebsgmbh_print\u00a9gert_perauer-60-332-1024x683-1-300x200.jpg 300w, https:\/\/www.campingparadies.at\/wp-content\/uploads\/2022\/02\/millstaetterbaederbetriebsgmbh_print\u00a9gert_perauer-60-332-1024x683-1-768x512.jpg 768w\" sizes=\"auto, (max-width: 1024px) 100vw, 1024px\" \/><\/figure>\n<\/figure>\n","protected":false},"excerpt":{"rendered":"<p>Terrassencamping Pesenthein Der Campingplatz Pesenthein liegt direkt am Millst\u00e4tter See, im Herzen K\u00e4rntens. Der Campingplatz ist sowohl f\u00fcr Wohnwagen als<\/p>\n","protected":false},"author":1,"featured_media":0,"parent":534,"menu_order":0,"comment_status":"closed","ping_status":"closed","template":"","meta":{"colormag_page_container_layout":"default_layout","colormag_page_sidebar_layout":"default_layout","_bbp_topic_count":0,"_bbp_reply_count":0,"_bbp_total_topic_count":0,"_bbp_total_reply_count":0,"_bbp_voice_count":0,"_bbp_anonymous_reply_count":0,"_bbp_topic_count_hidden":0,"_bbp_reply_count_hidden":0,"_bbp_forum_subforum_count":0,"footnotes":""},"class_list":["post-740","page","type-page","status-publish","hentry"],"_links":{"self":[{"href":"https:\/\/www.campingparadies.at\/index.php?rest_route=\/wp\/v2\/pages\/740","targetHints":{"allow":["GET"]}}],"collection":[{"href":"https:\/\/www.campingparadies.at\/index.php?rest_route=\/wp\/v2\/pages"}],"about":[{"href":"https:\/\/www.campingparadies.at\/index.php?rest_route=\/wp\/v2\/types\/page"}],"author":[{"embeddable":true,"href":"https:\/\/www.campingparadies.at\/index.php?rest_route=\/wp\/v2\/users\/1"}],"replies":[{"embeddable":true,"href":"https:\/\/www.campingparadies.at\/index.php?rest_route=%2Fwp%2Fv2%2Fcomments&post=740"}],"version-history":[{"count":17,"href":"https:\/\/www.campingparadies.at\/index.php?rest_route=\/wp\/v2\/pages\/740\/revisions"}],"predecessor-version":[{"id":1083,"href":"https:\/\/www.campingparadies.at\/index.php?rest_route=\/wp\/v2\/pages\/740\/revisions\/1083"}],"up":[{"embeddable":true,"href":"https:\/\/www.campingparadies.at\/index.php?rest_route=\/wp\/v2\/pages\/534"}],"wp:attachment":[{"href":"https:\/\/www.campingparadies.at\/index.php?rest_route=%2Fwp%2Fv2%2Fmedia&parent=740"}],"curies":[{"name":"wp","href":"https:\/\/api.w.org\/{rel}","templated":true}]}}