{"id":716,"date":"2022-02-21T16:51:26","date_gmt":"2022-02-21T15:51:26","guid":{"rendered":"http:\/\/www.campingparadies.at\/?page_id=716"},"modified":"2026-01-09T14:21:52","modified_gmt":"2026-01-09T13:21:52","slug":"camping-burgstaller","status":"publish","type":"page","link":"https:\/\/www.campingparadies.at\/?page_id=716","title":{"rendered":"Camping Burgstaller"},"content":{"rendered":"\n<figure class=\"wp-block-table is-style-regular\"><table class=\"has-black-color has-text-color\"><tbody><tr><td><h6><mark style=\"background-color:rgba(0, 0, 0, 0)\" class=\"has-inline-color has-luminous-vivid-orange-color\"><br><br>Komfort Campingpark Burgstaller<\/mark><\/h6><br>Dass K\u00e4rnten s\u00fcdlich des Alpenhauptkammes liegt und nur noch durch die niedrigeren Karnischen Alpen und Karawanken vom Mittelmeerraum getrennt ist, macht sich im Klima bemerkbar, das bereits als mediterran bezeichnet wird und f\u00fcr herrlich warme Sommer sorgt. Hier haben wir unseren Campingpark auf 8 ha Wiesengel\u00e4nde errichtet, umgeben von B\u00fcschen und B\u00e4umen, abseits vom Verkehrsl\u00e4rm und doch nur 100m vom Seeufer des Millst\u00e4tter Sees entfernt. <br><br>Eigenes Strandbad (plus freier Eintritt zu zwei weiteren) &#8211; 2 Restaurants &#8211; SB-Markt &#8211; Ponies &#8211; Haflinger &#8211; Reitbahn &#8211; Fu\u00dfballplatz &#8211; Turnier-Beachvolleyballplatz &#8211; Street-Basketballplatz &#8211; Indoor-Spielplatz \u00fcber zwei Stockwerke uvm.<br><br><h6><mark style=\"background-color:rgba(0, 0, 0, 0)\" class=\"has-inline-color has-luminous-vivid-orange-color\">Kontakt:<\/mark><\/h6>Familie Burgstaller<br>Seefeldstrasse 16<br>9873 D\u00f6briach<br>Tel.: 0043 4246 7774<br>Email: info(at)burgstaller.co.at<br><br><a rel=\"noreferrer noopener\" href=\"http:\/\/www.burgstaller.co.at\" target=\"_blank\">Zur Homepage<\/a><br><br><a rel=\"noreferrer noopener\" href=\"https:\/\/www.camping.at\/de\/campingplaetze\/unterkuenfte\/KTN\/56274313-b45c-456b-b4f7-1aa0a5481cbe\/komfort-camping-burgstaller\" target=\"_blank\">Buchungslink (neuer Tab)<\/a><br><\/td><td><img loading=\"lazy\" decoding=\"async\" width=\"900\" height=\"675\" class=\"wp-image-718\" style=\"width: 900px;\" src=\"https:\/\/www.campingparadies.at\/wp-content\/uploads\/2022\/02\/dsc3587-2000x1333-1.jpeg\" alt=\"\" srcset=\"https:\/\/www.campingparadies.at\/wp-content\/uploads\/2022\/02\/dsc3587-2000x1333-1.jpeg 1777w, https:\/\/www.campingparadies.at\/wp-content\/uploads\/2022\/02\/dsc3587-2000x1333-1-300x225.jpeg 300w, https:\/\/www.campingparadies.at\/wp-content\/uploads\/2022\/02\/dsc3587-2000x1333-1-1024x768.jpeg 1024w, https:\/\/www.campingparadies.at\/wp-content\/uploads\/2022\/02\/dsc3587-2000x1333-1-768x576.jpeg 768w, https:\/\/www.campingparadies.at\/wp-content\/uploads\/2022\/02\/dsc3587-2000x1333-1-1536x1152.jpeg 1536w\" sizes=\"auto, (max-width: 900px) 100vw, 900px\" \/><br><br><h6><mark style=\"background-color:rgba(0, 0, 0, 0)\" class=\"has-inline-color has-luminous-vivid-orange-color\">Details:<\/mark><\/h6>&#8211; Ausgezeichnet mit der ADAC Bestnote<br>&#8211; Mobilheime<br>&#8211; Indoorspielplatz<br> &#8211; Europas unglaublichste Sanit\u00e4ranlagen<br>&#8211; Eigenes Strandbad<br>&#8211; Fantastisches Animationsprogramm<br>&#8211; uvm.<br><br><br><br><br><\/td><\/tr><\/tbody><\/table><\/figure>\n\n\n\n<figure class=\"wp-block-gallery has-nested-images columns-default is-cropped wp-block-gallery-1 is-layout-flex wp-block-gallery-is-layout-flex\">\n<figure class=\"wp-block-image size-large\"><img loading=\"lazy\" decoding=\"async\" width=\"1024\" height=\"768\" data-id=\"717\" src=\"https:\/\/www.campingparadies.at\/wp-content\/uploads\/2022\/02\/a8e4d7b4-810f-494e-add1-d39dd0b532f1-1-1600x1066-1-1024x768.jpeg\" alt=\"\" class=\"wp-image-717\" srcset=\"https:\/\/www.campingparadies.at\/wp-content\/uploads\/2022\/02\/a8e4d7b4-810f-494e-add1-d39dd0b532f1-1-1600x1066-1-1024x768.jpeg 1024w, https:\/\/www.campingparadies.at\/wp-content\/uploads\/2022\/02\/a8e4d7b4-810f-494e-add1-d39dd0b532f1-1-1600x1066-1-300x225.jpeg 300w, https:\/\/www.campingparadies.at\/wp-content\/uploads\/2022\/02\/a8e4d7b4-810f-494e-add1-d39dd0b532f1-1-1600x1066-1-768x576.jpeg 768w, https:\/\/www.campingparadies.at\/wp-content\/uploads\/2022\/02\/a8e4d7b4-810f-494e-add1-d39dd0b532f1-1-1600x1066-1.jpeg 1421w\" sizes=\"auto, (max-width: 1024px) 100vw, 1024px\" \/><\/figure>\n\n\n\n<figure class=\"wp-block-image size-large\"><img loading=\"lazy\" decoding=\"async\" width=\"1024\" height=\"768\" data-id=\"718\" src=\"https:\/\/www.campingparadies.at\/wp-content\/uploads\/2022\/02\/dsc3587-2000x1333-1-1024x768.jpeg\" alt=\"\" class=\"wp-image-718\" srcset=\"https:\/\/www.campingparadies.at\/wp-content\/uploads\/2022\/02\/dsc3587-2000x1333-1-1024x768.jpeg 1024w, https:\/\/www.campingparadies.at\/wp-content\/uploads\/2022\/02\/dsc3587-2000x1333-1-300x225.jpeg 300w, https:\/\/www.campingparadies.at\/wp-content\/uploads\/2022\/02\/dsc3587-2000x1333-1-768x576.jpeg 768w, https:\/\/www.campingparadies.at\/wp-content\/uploads\/2022\/02\/dsc3587-2000x1333-1-1536x1152.jpeg 1536w, https:\/\/www.campingparadies.at\/wp-content\/uploads\/2022\/02\/dsc3587-2000x1333-1.jpeg 1777w\" sizes=\"auto, (max-width: 1024px) 100vw, 1024px\" \/><\/figure>\n\n\n\n<figure class=\"wp-block-image size-large\"><img loading=\"lazy\" decoding=\"async\" width=\"1024\" height=\"768\" data-id=\"720\" src=\"https:\/\/www.campingparadies.at\/wp-content\/uploads\/2022\/02\/img-3055a-2000x1500-1-1024x768.jpg\" alt=\"\" class=\"wp-image-720\" srcset=\"https:\/\/www.campingparadies.at\/wp-content\/uploads\/2022\/02\/img-3055a-2000x1500-1-1024x768.jpg 1024w, https:\/\/www.campingparadies.at\/wp-content\/uploads\/2022\/02\/img-3055a-2000x1500-1-300x225.jpg 300w, https:\/\/www.campingparadies.at\/wp-content\/uploads\/2022\/02\/img-3055a-2000x1500-1-768x576.jpg 768w, https:\/\/www.campingparadies.at\/wp-content\/uploads\/2022\/02\/img-3055a-2000x1500-1-1536x1152.jpg 1536w, https:\/\/www.campingparadies.at\/wp-content\/uploads\/2022\/02\/img-3055a-2000x1500-1.jpg 2000w\" sizes=\"auto, (max-width: 1024px) 100vw, 1024px\" \/><\/figure>\n\n\n\n<figure class=\"wp-block-image size-large\"><img loading=\"lazy\" decoding=\"async\" width=\"1024\" height=\"768\" data-id=\"721\" src=\"https:\/\/www.campingparadies.at\/wp-content\/uploads\/2022\/02\/img-3527-2000x1333-1-1024x768.jpeg\" alt=\"\" class=\"wp-image-721\" srcset=\"https:\/\/www.campingparadies.at\/wp-content\/uploads\/2022\/02\/img-3527-2000x1333-1-1024x768.jpeg 1024w, https:\/\/www.campingparadies.at\/wp-content\/uploads\/2022\/02\/img-3527-2000x1333-1-300x225.jpeg 300w, https:\/\/www.campingparadies.at\/wp-content\/uploads\/2022\/02\/img-3527-2000x1333-1-768x576.jpeg 768w, https:\/\/www.campingparadies.at\/wp-content\/uploads\/2022\/02\/img-3527-2000x1333-1-1536x1152.jpeg 1536w, https:\/\/www.campingparadies.at\/wp-content\/uploads\/2022\/02\/img-3527-2000x1333-1.jpeg 1777w\" sizes=\"auto, (max-width: 1024px) 100vw, 1024px\" \/><\/figure>\n\n\n\n<figure class=\"wp-block-image size-large\"><img loading=\"lazy\" decoding=\"async\" width=\"1024\" height=\"768\" data-id=\"719\" src=\"https:\/\/www.campingparadies.at\/wp-content\/uploads\/2022\/02\/strandbad-camping-burgstaller-2000x1152-1-1024x768.jpeg\" alt=\"\" class=\"wp-image-719\" srcset=\"https:\/\/www.campingparadies.at\/wp-content\/uploads\/2022\/02\/strandbad-camping-burgstaller-2000x1152-1-1024x768.jpeg 1024w, https:\/\/www.campingparadies.at\/wp-content\/uploads\/2022\/02\/strandbad-camping-burgstaller-2000x1152-1-300x225.jpeg 300w, https:\/\/www.campingparadies.at\/wp-content\/uploads\/2022\/02\/strandbad-camping-burgstaller-2000x1152-1-768x576.jpeg 768w, https:\/\/www.campingparadies.at\/wp-content\/uploads\/2022\/02\/strandbad-camping-burgstaller-2000x1152-1.jpeg 1536w\" sizes=\"auto, (max-width: 1024px) 100vw, 1024px\" \/><\/figure>\n\n\n\n<figure class=\"wp-block-image size-large\"><img loading=\"lazy\" decoding=\"async\" width=\"1024\" height=\"768\" data-id=\"722\" src=\"https:\/\/www.campingparadies.at\/wp-content\/uploads\/2022\/02\/unbenannt-1-2000x1365-1-1024x768.jpeg\" alt=\"\" class=\"wp-image-722\" srcset=\"https:\/\/www.campingparadies.at\/wp-content\/uploads\/2022\/02\/unbenannt-1-2000x1365-1-1024x768.jpeg 1024w, https:\/\/www.campingparadies.at\/wp-content\/uploads\/2022\/02\/unbenannt-1-2000x1365-1-300x225.jpeg 300w, https:\/\/www.campingparadies.at\/wp-content\/uploads\/2022\/02\/unbenannt-1-2000x1365-1-768x576.jpeg 768w, https:\/\/www.campingparadies.at\/wp-content\/uploads\/2022\/02\/unbenannt-1-2000x1365-1-1536x1152.jpeg 1536w, https:\/\/www.campingparadies.at\/wp-content\/uploads\/2022\/02\/unbenannt-1-2000x1365-1.jpeg 1818w\" sizes=\"auto, (max-width: 1024px) 100vw, 1024px\" \/><\/figure>\n<\/figure>\n","protected":false},"excerpt":{"rendered":"<p>Komfort Campingpark Burgstaller Dass K\u00e4rnten s\u00fcdlich des Alpenhauptkammes liegt und nur noch durch die niedrigeren Karnischen Alpen und Karawanken vom<\/p>\n","protected":false},"author":1,"featured_media":0,"parent":534,"menu_order":0,"comment_status":"closed","ping_status":"closed","template":"","meta":{"colormag_page_container_layout":"default_layout","colormag_page_sidebar_layout":"default_layout","_bbp_topic_count":0,"_bbp_reply_count":0,"_bbp_total_topic_count":0,"_bbp_total_reply_count":0,"_bbp_voice_count":0,"_bbp_anonymous_reply_count":0,"_bbp_topic_count_hidden":0,"_bbp_reply_count_hidden":0,"_bbp_forum_subforum_count":0,"footnotes":""},"class_list":["post-716","page","type-page","status-publish","hentry"],"_links":{"self":[{"href":"https:\/\/www.campingparadies.at\/index.php?rest_route=\/wp\/v2\/pages\/716","targetHints":{"allow":["GET"]}}],"collection":[{"href":"https:\/\/www.campingparadies.at\/index.php?rest_route=\/wp\/v2\/pages"}],"about":[{"href":"https:\/\/www.campingparadies.at\/index.php?rest_route=\/wp\/v2\/types\/page"}],"author":[{"embeddable":true,"href":"https:\/\/www.campingparadies.at\/index.php?rest_route=\/wp\/v2\/users\/1"}],"replies":[{"embeddable":true,"href":"https:\/\/www.campingparadies.at\/index.php?rest_route=%2Fwp%2Fv2%2Fcomments&post=716"}],"version-history":[{"count":10,"href":"https:\/\/www.campingparadies.at\/index.php?rest_route=\/wp\/v2\/pages\/716\/revisions"}],"predecessor-version":[{"id":1079,"href":"https:\/\/www.campingparadies.at\/index.php?rest_route=\/wp\/v2\/pages\/716\/revisions\/1079"}],"up":[{"embeddable":true,"href":"https:\/\/www.campingparadies.at\/index.php?rest_route=\/wp\/v2\/pages\/534"}],"wp:attachment":[{"href":"https:\/\/www.campingparadies.at\/index.php?rest_route=%2Fwp%2Fv2%2Fmedia&parent=716"}],"curies":[{"name":"wp","href":"https:\/\/api.w.org\/{rel}","templated":true}]}}