{"id":714,"date":"2022-02-21T16:52:20","date_gmt":"2022-02-21T15:52:20","guid":{"rendered":"http:\/\/www.campingparadies.at\/?page_id=714"},"modified":"2026-01-09T14:23:22","modified_gmt":"2026-01-09T13:23:22","slug":"camping-gauglerhof","status":"publish","type":"page","link":"https:\/\/www.campingparadies.at\/?page_id=714","title":{"rendered":"Camping Gauglerhof"},"content":{"rendered":"\n<figure class=\"wp-block-table is-style-regular\"><table class=\"has-black-color has-text-color\"><tbody><tr><td><br><br><h6><mark style=\"background-color:rgba(0, 0, 0, 0)\" class=\"has-inline-color has-luminous-vivid-orange-color\">Camping und Appartements Gauglerhof<\/mark><\/h6><br>Herzlich willkommen auf dem Gauglerhof &#8211; einem 100 Jahre alten Bauernhof, auf einem Sonnenplateau im reizvollen Ort Matzelsdorf auf ca. 840 m Seeh\u00f6he gelegen. Der Blick auf die umliegenden Berge ist wirklich un\u00fcbertroffen und \u00fcberw\u00e4ltigend. Der nahegelegene Millst\u00e4tter See nur 2 km entfernt.<br><br>Egal ob in einem der zwei ger\u00e4umigen &amp; neu renovierten Appartements oder auf dem Campingplatz mitten im Gr\u00fcnen \u2013 G\u00e4ste sch\u00e4tzen die besondere famili\u00e4re Atmosph\u00e4re, die wohltuende Ruhe und den grandiosen Weitblick. Kinder freuen sich \u00fcber den tollen Spielplatz mit mehreren Spielger\u00e4ten. Sie finden gen\u00fcgend Platz zum Fu\u00dfball spielen und herumtoben.<br><br><br><h6><mark style=\"background-color:rgba(0, 0, 0, 0)\" class=\"has-inline-color has-luminous-vivid-orange-color\">Kontakt:<\/mark><\/h6>Familie Nes<br>Matzelsdorf 2<br>9872 Millstatt<br>Tel.: 0043 4766 37178<br>Email: info(at)gauglerhof.com<br><br><a rel=\"noreferrer noopener\" href=\"https:\/\/www.gauglerhof.com\/\" target=\"_blank\">Zur Hompage<\/a><br><br><a rel=\"noreferrer noopener\" href=\"https:\/\/www.millstaettersee.com\/de\/millstatt\/unterkuenfte\/details\/campingplatz\/camping-appartement-gauglerhof.html\" target=\"_blank\">Buchungslink (neuer Tab)<\/a><\/td><td><img loading=\"lazy\" decoding=\"async\" width=\"1200\" height=\"787\" class=\"wp-image-726\" style=\"width: 1200px;\" src=\"https:\/\/www.campingparadies.at\/wp-content\/uploads\/2022\/02\/gaugler1.jpg\" alt=\"\" srcset=\"https:\/\/www.campingparadies.at\/wp-content\/uploads\/2022\/02\/gaugler1.jpg 1082w, https:\/\/www.campingparadies.at\/wp-content\/uploads\/2022\/02\/gaugler1-300x197.jpg 300w, https:\/\/www.campingparadies.at\/wp-content\/uploads\/2022\/02\/gaugler1-1024x672.jpg 1024w, https:\/\/www.campingparadies.at\/wp-content\/uploads\/2022\/02\/gaugler1-768x504.jpg 768w\" sizes=\"auto, (max-width: 1200px) 100vw, 1200px\" \/><br><br><h6><mark style=\"background-color:rgba(0, 0, 0, 0)\" class=\"has-inline-color has-luminous-vivid-orange-color\">Details:<\/mark><\/h6>&#8211; Ruhige Lage<br>&#8211; Gratis Wifi<br>&#8211; Safarizelte<br>&#8211; Streichelzoo<br>&#8211; Imbissstube (hausgemachter Speck, Leberwurst, Jause)<br>&#8211; Grillplatz (mit Sitzb\u00e4nken)<br>&#8211; uvm.<br><br><br><br><br><br><br><br><\/td><\/tr><\/tbody><\/table><\/figure>\n\n\n\n<figure class=\"wp-block-gallery has-nested-images columns-default is-cropped wp-block-gallery-1 is-layout-flex wp-block-gallery-is-layout-flex\">\n<figure class=\"wp-block-image size-large\"><img loading=\"lazy\" decoding=\"async\" width=\"1024\" height=\"672\" data-id=\"726\" src=\"https:\/\/www.campingparadies.at\/wp-content\/uploads\/2022\/02\/gaugler1-1024x672.jpg\" alt=\"\" class=\"wp-image-726\" srcset=\"https:\/\/www.campingparadies.at\/wp-content\/uploads\/2022\/02\/gaugler1-1024x672.jpg 1024w, https:\/\/www.campingparadies.at\/wp-content\/uploads\/2022\/02\/gaugler1-300x197.jpg 300w, https:\/\/www.campingparadies.at\/wp-content\/uploads\/2022\/02\/gaugler1-768x504.jpg 768w, https:\/\/www.campingparadies.at\/wp-content\/uploads\/2022\/02\/gaugler1.jpg 1082w\" sizes=\"auto, (max-width: 1024px) 100vw, 1024px\" \/><\/figure>\n\n\n\n<figure class=\"wp-block-image size-large\"><img loading=\"lazy\" decoding=\"async\" width=\"1013\" height=\"717\" data-id=\"725\" src=\"https:\/\/www.campingparadies.at\/wp-content\/uploads\/2022\/02\/gaugler2.jpg\" alt=\"\" class=\"wp-image-725\" srcset=\"https:\/\/www.campingparadies.at\/wp-content\/uploads\/2022\/02\/gaugler2.jpg 1013w, https:\/\/www.campingparadies.at\/wp-content\/uploads\/2022\/02\/gaugler2-300x212.jpg 300w, https:\/\/www.campingparadies.at\/wp-content\/uploads\/2022\/02\/gaugler2-768x544.jpg 768w\" sizes=\"auto, (max-width: 1013px) 100vw, 1013px\" \/><\/figure>\n\n\n\n<figure class=\"wp-block-image size-large\"><img loading=\"lazy\" decoding=\"async\" width=\"1024\" height=\"681\" data-id=\"729\" src=\"https:\/\/www.campingparadies.at\/wp-content\/uploads\/2022\/02\/gaugler3-1024x681.jpg\" alt=\"\" class=\"wp-image-729\" srcset=\"https:\/\/www.campingparadies.at\/wp-content\/uploads\/2022\/02\/gaugler3-1024x681.jpg 1024w, https:\/\/www.campingparadies.at\/wp-content\/uploads\/2022\/02\/gaugler3-300x200.jpg 300w, https:\/\/www.campingparadies.at\/wp-content\/uploads\/2022\/02\/gaugler3-768x511.jpg 768w, https:\/\/www.campingparadies.at\/wp-content\/uploads\/2022\/02\/gaugler3.jpg 1076w\" sizes=\"auto, (max-width: 1024px) 100vw, 1024px\" \/><\/figure>\n\n\n\n<figure class=\"wp-block-image size-large\"><img loading=\"lazy\" decoding=\"async\" width=\"1024\" height=\"680\" data-id=\"728\" src=\"https:\/\/www.campingparadies.at\/wp-content\/uploads\/2022\/02\/gaugler4-1024x680.jpg\" alt=\"\" class=\"wp-image-728\" srcset=\"https:\/\/www.campingparadies.at\/wp-content\/uploads\/2022\/02\/gaugler4-1024x680.jpg 1024w, https:\/\/www.campingparadies.at\/wp-content\/uploads\/2022\/02\/gaugler4-300x199.jpg 300w, https:\/\/www.campingparadies.at\/wp-content\/uploads\/2022\/02\/gaugler4-768x510.jpg 768w, https:\/\/www.campingparadies.at\/wp-content\/uploads\/2022\/02\/gaugler4.jpg 1079w\" sizes=\"auto, (max-width: 1024px) 100vw, 1024px\" \/><\/figure>\n\n\n\n<figure class=\"wp-block-image size-large\"><img loading=\"lazy\" decoding=\"async\" width=\"1024\" height=\"686\" data-id=\"727\" src=\"https:\/\/www.campingparadies.at\/wp-content\/uploads\/2022\/02\/gaugler5-1024x686.jpg\" alt=\"\" class=\"wp-image-727\" srcset=\"https:\/\/www.campingparadies.at\/wp-content\/uploads\/2022\/02\/gaugler5-1024x686.jpg 1024w, https:\/\/www.campingparadies.at\/wp-content\/uploads\/2022\/02\/gaugler5-300x201.jpg 300w, https:\/\/www.campingparadies.at\/wp-content\/uploads\/2022\/02\/gaugler5-768x514.jpg 768w, https:\/\/www.campingparadies.at\/wp-content\/uploads\/2022\/02\/gaugler5.jpg 1071w\" sizes=\"auto, (max-width: 1024px) 100vw, 1024px\" \/><\/figure>\n<\/figure>\n","protected":false},"excerpt":{"rendered":"<p>Camping und Appartements Gauglerhof Herzlich willkommen auf dem Gauglerhof &#8211; einem 100 Jahre alten Bauernhof, auf einem Sonnenplateau im reizvollen<\/p>\n","protected":false},"author":1,"featured_media":0,"parent":534,"menu_order":0,"comment_status":"closed","ping_status":"closed","template":"","meta":{"colormag_page_container_layout":"default_layout","colormag_page_sidebar_layout":"default_layout","_bbp_topic_count":0,"_bbp_reply_count":0,"_bbp_total_topic_count":0,"_bbp_total_reply_count":0,"_bbp_voice_count":0,"_bbp_anonymous_reply_count":0,"_bbp_topic_count_hidden":0,"_bbp_reply_count_hidden":0,"_bbp_forum_subforum_count":0,"footnotes":""},"class_list":["post-714","page","type-page","status-publish","hentry"],"_links":{"self":[{"href":"https:\/\/www.campingparadies.at\/index.php?rest_route=\/wp\/v2\/pages\/714","targetHints":{"allow":["GET"]}}],"collection":[{"href":"https:\/\/www.campingparadies.at\/index.php?rest_route=\/wp\/v2\/pages"}],"about":[{"href":"https:\/\/www.campingparadies.at\/index.php?rest_route=\/wp\/v2\/types\/page"}],"author":[{"embeddable":true,"href":"https:\/\/www.campingparadies.at\/index.php?rest_route=\/wp\/v2\/users\/1"}],"replies":[{"embeddable":true,"href":"https:\/\/www.campingparadies.at\/index.php?rest_route=%2Fwp%2Fv2%2Fcomments&post=714"}],"version-history":[{"count":9,"href":"https:\/\/www.campingparadies.at\/index.php?rest_route=\/wp\/v2\/pages\/714\/revisions"}],"predecessor-version":[{"id":1015,"href":"https:\/\/www.campingparadies.at\/index.php?rest_route=\/wp\/v2\/pages\/714\/revisions\/1015"}],"up":[{"embeddable":true,"href":"https:\/\/www.campingparadies.at\/index.php?rest_route=\/wp\/v2\/pages\/534"}],"wp:attachment":[{"href":"https:\/\/www.campingparadies.at\/index.php?rest_route=%2Fwp%2Fv2%2Fmedia&parent=714"}],"curies":[{"name":"wp","href":"https:\/\/api.w.org\/{rel}","templated":true}]}}