{"id":549,"date":"2022-02-21T16:53:25","date_gmt":"2022-02-21T15:53:25","guid":{"rendered":"http:\/\/www.campingparadies.at\/?page_id=549"},"modified":"2023-02-21T16:51:38","modified_gmt":"2023-02-21T15:51:38","slug":"schwimmbad-camping-moessler","status":"publish","type":"page","link":"https:\/\/www.campingparadies.at\/?page_id=549","title":{"rendered":"Schwimmbad Camping M\u00f6ssler"},"content":{"rendered":"\n<figure class=\"wp-block-table\"><table class=\"has-black-color has-text-color\"><tbody><tr><td><br><br><h6><mark style=\"background-color:rgba(0, 0, 0, 0)\" class=\"has-inline-color has-luminous-vivid-orange-color\">Schwimmbad Camping M\u00f6ssler<\/mark><\/h6><br>Genie\u00dfen Sie umfassendes Komfort-Camping. Ein idyllisches, park\u00e4hnlich angelegtes Gel\u00e4nde, umgeben von einem Gr\u00fcng\u00fcrtel mit gepflegten Stellpl\u00e4tzen und modernsten Camping-Einrichtungen erwarten Sie. Zum Millst\u00e4tter See mit all seinen M\u00f6glichkeiten sind es nur 500 Meter auf einem Fu\u00df- und Radweg entlang des Riegerbachs (kostenlose Ben\u00fctzung aller \u00f6ffentlichen Strandb\u00e4der mit der Millst\u00e4tter See Camping Card). <br><br>Das platzeigene beheizte Freibad mit Indoor Einstieg und 30 \u00b0C steht den G\u00e4sten ab Ostern kostenlos zur Verf\u00fcgung.<br><br><h6><mark style=\"background-color:rgba(0, 0, 0, 0)\" class=\"has-inline-color has-luminous-vivid-orange-color\">Kontakt:<\/mark><\/h6>Familie M\u00f6ssler<br>Glanzerstra\u00dfe 24<br>9873 D\u00f6briach am Millst\u00e4tter See<br>Tel.: 0043 4246 7735<br>Email: camping(at)moessler.at<br><br><a rel=\"noreferrer noopener\" href=\"https:\/\/www.moessler.at\" target=\"_blank\">Zur Homepage<\/a><br><br><a rel=\"noreferrer noopener\" href=\"http:\/\/www.moessler.at\/buchen#\/\" target=\"_blank\">Buchungslink (neuer Tab)<\/a><\/td><td><img loading=\"lazy\" decoding=\"async\" width=\"800\" height=\"536\" class=\"wp-image-574\" style=\"width: 800px;\" src=\"https:\/\/www.campingparadies.at\/wp-content\/uploads\/2022\/02\/doebriach-schwimmbad-camping-moessler-aussicht-vom-weissen-felsen-2.jpg\" alt=\"\" srcset=\"https:\/\/www.campingparadies.at\/wp-content\/uploads\/2022\/02\/doebriach-schwimmbad-camping-moessler-aussicht-vom-weissen-felsen-2.jpg 896w, https:\/\/www.campingparadies.at\/wp-content\/uploads\/2022\/02\/doebriach-schwimmbad-camping-moessler-aussicht-vom-weissen-felsen-2-300x201.jpg 300w, https:\/\/www.campingparadies.at\/wp-content\/uploads\/2022\/02\/doebriach-schwimmbad-camping-moessler-aussicht-vom-weissen-felsen-2-768x514.jpg 768w\" sizes=\"auto, (max-width: 800px) 100vw, 800px\" \/><br><br><h6><mark style=\"background-color:rgba(0, 0, 0, 0)\" class=\"has-inline-color has-luminous-vivid-orange-color\">Details:<\/mark><\/h6>&#8211; ausgezeichnet mit dem EU-Ecolabel<br>&#8211; Mobilheime<br>&#8211; Gr\u00fcnstreifen mit Ruhezone<br>&#8211; Indoor-Spielplatz und Spieleraum<br>&#8211; Sport- und Spielpl\u00e4tze mit Riesenpendelschaukel<br>&#8211; beheiztes Schwimmbad mit 30 \u00b0C mit Indoor-Einstieg<br><br><br><\/td><\/tr><\/tbody><\/table><\/figure>\n\n\n\n<figure class=\"wp-block-gallery has-nested-images columns-default is-cropped wp-block-gallery-1 is-layout-flex wp-block-gallery-is-layout-flex\">\n<figure class=\"wp-block-image size-large\"><img loading=\"lazy\" decoding=\"async\" width=\"896\" height=\"600\" data-id=\"574\" src=\"https:\/\/www.campingparadies.at\/wp-content\/uploads\/2022\/02\/doebriach-schwimmbad-camping-moessler-aussicht-vom-weissen-felsen-2.jpg\" alt=\"\" class=\"wp-image-574\" srcset=\"https:\/\/www.campingparadies.at\/wp-content\/uploads\/2022\/02\/doebriach-schwimmbad-camping-moessler-aussicht-vom-weissen-felsen-2.jpg 896w, https:\/\/www.campingparadies.at\/wp-content\/uploads\/2022\/02\/doebriach-schwimmbad-camping-moessler-aussicht-vom-weissen-felsen-2-300x201.jpg 300w, https:\/\/www.campingparadies.at\/wp-content\/uploads\/2022\/02\/doebriach-schwimmbad-camping-moessler-aussicht-vom-weissen-felsen-2-768x514.jpg 768w\" sizes=\"auto, (max-width: 896px) 100vw, 896px\" \/><\/figure>\n\n\n\n<figure class=\"wp-block-image size-large\"><img loading=\"lazy\" decoding=\"async\" width=\"800\" height=\"600\" data-id=\"568\" src=\"https:\/\/www.campingparadies.at\/wp-content\/uploads\/2022\/02\/schwimmbad_camping_-_aus_omas_kraeuterbuecherl_-_hollundersaft-1.jpg\" alt=\"\" class=\"wp-image-568\" srcset=\"https:\/\/www.campingparadies.at\/wp-content\/uploads\/2022\/02\/schwimmbad_camping_-_aus_omas_kraeuterbuecherl_-_hollundersaft-1.jpg 800w, https:\/\/www.campingparadies.at\/wp-content\/uploads\/2022\/02\/schwimmbad_camping_-_aus_omas_kraeuterbuecherl_-_hollundersaft-1-300x225.jpg 300w, https:\/\/www.campingparadies.at\/wp-content\/uploads\/2022\/02\/schwimmbad_camping_-_aus_omas_kraeuterbuecherl_-_hollundersaft-1-768x576.jpg 768w\" sizes=\"auto, (max-width: 800px) 100vw, 800px\" \/><\/figure>\n\n\n\n<figure class=\"wp-block-image size-large\"><img loading=\"lazy\" decoding=\"async\" width=\"1024\" height=\"683\" data-id=\"709\" src=\"https:\/\/www.campingparadies.at\/wp-content\/uploads\/2022\/02\/Pool-Schwimmbad-Camping-1024x683.jpg\" alt=\"\" class=\"wp-image-709\" srcset=\"https:\/\/www.campingparadies.at\/wp-content\/uploads\/2022\/02\/Pool-Schwimmbad-Camping-1024x683.jpg 1024w, https:\/\/www.campingparadies.at\/wp-content\/uploads\/2022\/02\/Pool-Schwimmbad-Camping-300x200.jpg 300w, https:\/\/www.campingparadies.at\/wp-content\/uploads\/2022\/02\/Pool-Schwimmbad-Camping-768x512.jpg 768w, https:\/\/www.campingparadies.at\/wp-content\/uploads\/2022\/02\/Pool-Schwimmbad-Camping-1536x1024.jpg 1536w, https:\/\/www.campingparadies.at\/wp-content\/uploads\/2022\/02\/Pool-Schwimmbad-Camping-2048x1366.jpg 2048w\" sizes=\"auto, (max-width: 1024px) 100vw, 1024px\" \/><\/figure>\n\n\n\n<figure class=\"wp-block-image size-large\"><img loading=\"lazy\" decoding=\"async\" width=\"1024\" height=\"685\" data-id=\"710\" src=\"https:\/\/www.campingparadies.at\/wp-content\/uploads\/2022\/02\/ruheraum-fertig-1024x685.jpg\" alt=\"\" class=\"wp-image-710\" srcset=\"https:\/\/www.campingparadies.at\/wp-content\/uploads\/2022\/02\/ruheraum-fertig-1024x685.jpg 1024w, https:\/\/www.campingparadies.at\/wp-content\/uploads\/2022\/02\/ruheraum-fertig-300x201.jpg 300w, https:\/\/www.campingparadies.at\/wp-content\/uploads\/2022\/02\/ruheraum-fertig-768x514.jpg 768w, https:\/\/www.campingparadies.at\/wp-content\/uploads\/2022\/02\/ruheraum-fertig-1536x1028.jpg 1536w, https:\/\/www.campingparadies.at\/wp-content\/uploads\/2022\/02\/ruheraum-fertig-2048x1371.jpg 2048w\" sizes=\"auto, (max-width: 1024px) 100vw, 1024px\" \/><\/figure>\n\n\n\n<figure class=\"wp-block-image size-large\"><img loading=\"lazy\" decoding=\"async\" width=\"1024\" height=\"685\" data-id=\"711\" src=\"https:\/\/www.campingparadies.at\/wp-content\/uploads\/2022\/02\/Schwimmbad-Camping-Mobile-Living-1024x685.jpg\" alt=\"\" class=\"wp-image-711\" srcset=\"https:\/\/www.campingparadies.at\/wp-content\/uploads\/2022\/02\/Schwimmbad-Camping-Mobile-Living-1024x685.jpg 1024w, https:\/\/www.campingparadies.at\/wp-content\/uploads\/2022\/02\/Schwimmbad-Camping-Mobile-Living-300x201.jpg 300w, https:\/\/www.campingparadies.at\/wp-content\/uploads\/2022\/02\/Schwimmbad-Camping-Mobile-Living-768x514.jpg 768w, https:\/\/www.campingparadies.at\/wp-content\/uploads\/2022\/02\/Schwimmbad-Camping-Mobile-Living-1536x1028.jpg 1536w, https:\/\/www.campingparadies.at\/wp-content\/uploads\/2022\/02\/Schwimmbad-Camping-Mobile-Living-2048x1371.jpg 2048w\" sizes=\"auto, (max-width: 1024px) 100vw, 1024px\" \/><\/figure>\n\n\n\n<figure class=\"wp-block-image size-large\"><img loading=\"lazy\" decoding=\"async\" width=\"1024\" height=\"322\" data-id=\"572\" src=\"https:\/\/www.campingparadies.at\/wp-content\/uploads\/2022\/02\/Platzuebersicht-Schwimmbad-Camping-1-1024x322.jpg\" alt=\"\" class=\"wp-image-572\" srcset=\"https:\/\/www.campingparadies.at\/wp-content\/uploads\/2022\/02\/Platzuebersicht-Schwimmbad-Camping-1-1024x322.jpg 1024w, https:\/\/www.campingparadies.at\/wp-content\/uploads\/2022\/02\/Platzuebersicht-Schwimmbad-Camping-1-300x94.jpg 300w, https:\/\/www.campingparadies.at\/wp-content\/uploads\/2022\/02\/Platzuebersicht-Schwimmbad-Camping-1-768x241.jpg 768w, https:\/\/www.campingparadies.at\/wp-content\/uploads\/2022\/02\/Platzuebersicht-Schwimmbad-Camping-1-1536x483.jpg 1536w, https:\/\/www.campingparadies.at\/wp-content\/uploads\/2022\/02\/Platzuebersicht-Schwimmbad-Camping-1-2048x644.jpg 2048w\" sizes=\"auto, (max-width: 1024px) 100vw, 1024px\" \/><\/figure>\n<\/figure>\n","protected":false},"excerpt":{"rendered":"<p>Schwimmbad Camping M\u00f6ssler Genie\u00dfen Sie umfassendes Komfort-Camping. Ein idyllisches, park\u00e4hnlich angelegtes Gel\u00e4nde, umgeben von einem Gr\u00fcng\u00fcrtel mit gepflegten Stellpl\u00e4tzen und<\/p>\n","protected":false},"author":1,"featured_media":0,"parent":534,"menu_order":0,"comment_status":"closed","ping_status":"closed","template":"","meta":{"colormag_page_container_layout":"default_layout","colormag_page_sidebar_layout":"default_layout","_bbp_topic_count":0,"_bbp_reply_count":0,"_bbp_total_topic_count":0,"_bbp_total_reply_count":0,"_bbp_voice_count":0,"_bbp_anonymous_reply_count":0,"_bbp_topic_count_hidden":0,"_bbp_reply_count_hidden":0,"_bbp_forum_subforum_count":0,"footnotes":""},"class_list":["post-549","page","type-page","status-publish","hentry"],"_links":{"self":[{"href":"https:\/\/www.campingparadies.at\/index.php?rest_route=\/wp\/v2\/pages\/549","targetHints":{"allow":["GET"]}}],"collection":[{"href":"https:\/\/www.campingparadies.at\/index.php?rest_route=\/wp\/v2\/pages"}],"about":[{"href":"https:\/\/www.campingparadies.at\/index.php?rest_route=\/wp\/v2\/types\/page"}],"author":[{"embeddable":true,"href":"https:\/\/www.campingparadies.at\/index.php?rest_route=\/wp\/v2\/users\/1"}],"replies":[{"embeddable":true,"href":"https:\/\/www.campingparadies.at\/index.php?rest_route=%2Fwp%2Fv2%2Fcomments&post=549"}],"version-history":[{"count":21,"href":"https:\/\/www.campingparadies.at\/index.php?rest_route=\/wp\/v2\/pages\/549\/revisions"}],"predecessor-version":[{"id":1017,"href":"https:\/\/www.campingparadies.at\/index.php?rest_route=\/wp\/v2\/pages\/549\/revisions\/1017"}],"up":[{"embeddable":true,"href":"https:\/\/www.campingparadies.at\/index.php?rest_route=\/wp\/v2\/pages\/534"}],"wp:attachment":[{"href":"https:\/\/www.campingparadies.at\/index.php?rest_route=%2Fwp%2Fv2%2Fmedia&parent=549"}],"curies":[{"name":"wp","href":"https:\/\/api.w.org\/{rel}","templated":true}]}}