{"id":534,"date":"2022-02-21T16:45:12","date_gmt":"2022-02-21T15:45:12","guid":{"rendered":"http:\/\/www.campingparadies.at\/?page_id=534"},"modified":"2026-01-09T14:26:34","modified_gmt":"2026-01-09T13:26:34","slug":"campingplaetze-2","status":"publish","type":"page","link":"https:\/\/www.campingparadies.at\/?page_id=534","title":{"rendered":"Partner-Campingpl\u00e4tze"},"content":{"rendered":"\n<iframe style=\"width: 100%; height: 300px; border: 0;\" allowfullscreen allow=\"geolocation\" src=\"\/\/umap.openstreetmap.fr\/de\/map\/karntens-campingparadies_1341650?scaleControl=false&#038;miniMap=false&#038;scrollWheelZoom=false&#038;zoomControl=true&#038;editMode=disabled&#038;moreControl=true&#038;searchControl=null&#038;tilelayersControl=null&#038;embedControl=null&#038;datalayersControl=true&#038;onLoadPanel=none&#038;captionBar=false&#038;captionMenus=true#10\/46.7733\/13.7810\"><\/iframe><p><a href=\"\/\/umap.openstreetmap.fr\/de\/map\/karntens-campingparadies_1341650?scaleControl=false&#038;miniMap=false&#038;scrollWheelZoom=true&#038;zoomControl=true&#038;editMode=disabled&#038;moreControl=true&#038;searchControl=null&#038;tilelayersControl=null&#038;embedControl=null&#038;datalayersControl=true&#038;onLoadPanel=none&#038;captionBar=false&#038;captionMenus=true#10\/46.7733\/13.7810\">Vollbildanzeige<\/a><\/p>\n\n\n\n<p><\/p>\n\n\n\n<h2 class=\"wp-block-heading has-luminous-vivid-orange-color has-text-color has-large-font-size\" id=\"unsere-campingplatze\">Unsere Partner-Campingpl\u00e4tze<\/h2>\n\n\n\n<p class=\"has-medium-font-size\"><strong>Hier findet jeder Camper den richtigen Platz f\u00fcr sich!<\/strong><\/p>\n\n\n\n<p class=\"has-medium-font-size\">Der Wunsch, wertvolle Zeit drau\u00dfen in der Natur zu verbringen, verbindet alle Camper. Vom Komfortstellplatz mit Strom, Wasser und Abwasser bis zu bestens ausgestatteten Mobilheimen findet jeder Urlauber seinen Platz im Campingparadies.<\/p>\n\n\n\n<p><\/p>\n\n\n\n<figure class=\"wp-block-table\"><table><tbody><tr><td class=\"has-text-align-center\" data-align=\"center\"><img loading=\"lazy\" decoding=\"async\" width=\"250\" height=\"180\" class=\"wp-image-535\" style=\"width: 250px;\" src=\"https:\/\/www.campingparadies.at\/wp-content\/uploads\/2022\/02\/doebriach-komfort-camping-burgstaller-es-zaehlt-nicht-woger-du-kommst.jpg\" alt=\"\" srcset=\"https:\/\/www.campingparadies.at\/wp-content\/uploads\/2022\/02\/doebriach-komfort-camping-burgstaller-es-zaehlt-nicht-woger-du-kommst.jpg 830w, https:\/\/www.campingparadies.at\/wp-content\/uploads\/2022\/02\/doebriach-komfort-camping-burgstaller-es-zaehlt-nicht-woger-du-kommst-300x216.jpg 300w, https:\/\/www.campingparadies.at\/wp-content\/uploads\/2022\/02\/doebriach-komfort-camping-burgstaller-es-zaehlt-nicht-woger-du-kommst-768x553.jpg 768w\" sizes=\"auto, (max-width: 250px) 100vw, 250px\" \/><\/td><td class=\"has-text-align-center\" data-align=\"center\"><img loading=\"lazy\" decoding=\"async\" width=\"250\" height=\"187\" class=\"wp-image-540\" style=\"width: 250px;\" src=\"https:\/\/www.campingparadies.at\/wp-content\/uploads\/2022\/02\/millstatt-camping-appartement-gauglerhof.jpg\" alt=\"\" srcset=\"https:\/\/www.campingparadies.at\/wp-content\/uploads\/2022\/02\/millstatt-camping-appartement-gauglerhof.jpg 830w, https:\/\/www.campingparadies.at\/wp-content\/uploads\/2022\/02\/millstatt-camping-appartement-gauglerhof-300x225.jpg 300w, https:\/\/www.campingparadies.at\/wp-content\/uploads\/2022\/02\/millstatt-camping-appartement-gauglerhof-768x576.jpg 768w\" sizes=\"auto, (max-width: 250px) 100vw, 250px\" \/><\/td><\/tr><tr><td class=\"has-text-align-center\" data-align=\"center\"><strong>Komfort-Campingpark Burgstaller<\/strong><br>Region Millst\u00e4tter See<br>D\u00f6briach am Millst\u00e4tter See<br><a href=\"https:\/\/www.campingparadies.at\/?page_id=716\">Details<\/a><\/td><td class=\"has-text-align-center\" data-align=\"center\"><strong>Camping Appartements Gauglerhof<\/strong><br>Region Millst\u00e4tter See<br>Matzelsdorf am Millst\u00e4tter Berg<br><a href=\"https:\/\/www.campingparadies.at\/?page_id=714\">Details<\/a><\/td><\/tr><tr><td class=\"has-text-align-center\" data-align=\"center\"><img decoding=\"async\" style=\"width: 300px;\" src=\"https:\/\/www.campingparadies.at\/wp-content\/uploads\/2022\/02\/pool.jpg\" alt=\"\"><\/td><td class=\"has-text-align-center\" data-align=\"center\"><img loading=\"lazy\" decoding=\"async\" width=\"250\" height=\"187\" class=\"wp-image-546\" style=\"width: 250px;\" src=\"https:\/\/www.campingparadies.at\/wp-content\/uploads\/2022\/02\/seecamping-moessler-1.jpg\" alt=\"\" srcset=\"https:\/\/www.campingparadies.at\/wp-content\/uploads\/2022\/02\/seecamping-moessler-1.jpg 801w, https:\/\/www.campingparadies.at\/wp-content\/uploads\/2022\/02\/seecamping-moessler-1-300x225.jpg 300w, https:\/\/www.campingparadies.at\/wp-content\/uploads\/2022\/02\/seecamping-moessler-1-768x575.jpg 768w\" sizes=\"auto, (max-width: 250px) 100vw, 250px\" \/><\/td><\/tr><tr><td class=\"has-text-align-center\" data-align=\"center\"><strong>Schwimmbad Camping M\u00f6ssler<\/strong><br>Region Millst\u00e4tter See<br>D\u00f6briach am Millst\u00e4tter See<br><a href=\"https:\/\/www.campingparadies.at\/?page_id=549\">Details<\/a><\/td><td class=\"has-text-align-center\" data-align=\"center\"><strong>Seecamping M\u00f6ssler<\/strong><br>Region Millst\u00e4tter See<br>D\u00f6briach am Millst\u00e4tter See<br><a href=\"https:\/\/www.campingparadies.at\/?page_id=748\">Details<\/a><\/td><\/tr><tr><td class=\"has-text-align-center\" data-align=\"center\"><img loading=\"lazy\" decoding=\"async\" width=\"250\" height=\"209\" class=\"wp-image-543\" style=\"width: 250px;\" src=\"https:\/\/www.campingparadies.at\/wp-content\/uploads\/2022\/02\/millstatt-camping-neubauer-bild.jpg\" alt=\"\" srcset=\"https:\/\/www.campingparadies.at\/wp-content\/uploads\/2022\/02\/millstatt-camping-neubauer-bild.jpg 621w, https:\/\/www.campingparadies.at\/wp-content\/uploads\/2022\/02\/millstatt-camping-neubauer-bild-300x251.jpg 300w\" sizes=\"auto, (max-width: 250px) 100vw, 250px\" \/><\/td><td class=\"has-text-align-center\" data-align=\"center\"><img loading=\"lazy\" decoding=\"async\" width=\"300\" height=\"199\" class=\"wp-image-541\" style=\"width: 300px;\" src=\"https:\/\/www.campingparadies.at\/wp-content\/uploads\/2022\/02\/millstatt-terrassencamping-pesenthein.jpg\" alt=\"\" srcset=\"https:\/\/www.campingparadies.at\/wp-content\/uploads\/2022\/02\/millstatt-terrassencamping-pesenthein.jpg 830w, https:\/\/www.campingparadies.at\/wp-content\/uploads\/2022\/02\/millstatt-terrassencamping-pesenthein-300x199.jpg 300w, https:\/\/www.campingparadies.at\/wp-content\/uploads\/2022\/02\/millstatt-terrassencamping-pesenthein-768x509.jpg 768w\" sizes=\"auto, (max-width: 300px) 100vw, 300px\" \/><\/td><\/tr><tr><td class=\"has-text-align-center\" data-align=\"center\"><strong>Camping Neubauer<\/strong><br>Region Millst\u00e4tter See<br>Dellach am Millst\u00e4tter See<br><a href=\"https:\/\/www.campingparadies.at\/?page_id=732\">Details<\/a><\/td><td class=\"has-text-align-center\" data-align=\"center\"><strong>Terrassencamping Pesenthein<\/strong><br>Region Millst\u00e4tter See<br>Pesenthein am Millst\u00e4tter See<br><a href=\"https:\/\/www.campingparadies.at\/?page_id=740\">Details<\/a><\/td><\/tr><tr><td class=\"has-text-align-center\" data-align=\"center\"><img loading=\"lazy\" decoding=\"async\" width=\"250\" height=\"249\" class=\"wp-image-929\" style=\"width: 250px;\" src=\"https:\/\/www.campingparadies.at\/wp-content\/uploads\/2023\/02\/seewirt-1.jpg\" alt=\"\" srcset=\"https:\/\/www.campingparadies.at\/wp-content\/uploads\/2023\/02\/seewirt-1.jpg 1207w, https:\/\/www.campingparadies.at\/wp-content\/uploads\/2023\/02\/seewirt-1-300x298.jpg 300w, https:\/\/www.campingparadies.at\/wp-content\/uploads\/2023\/02\/seewirt-1-1024x1018.jpg 1024w, https:\/\/www.campingparadies.at\/wp-content\/uploads\/2023\/02\/seewirt-1-150x150.jpg 150w, https:\/\/www.campingparadies.at\/wp-content\/uploads\/2023\/02\/seewirt-1-768x764.jpg 768w\" sizes=\"auto, (max-width: 250px) 100vw, 250px\" \/><\/td><td class=\"has-text-align-center\" data-align=\"center\"><\/td><\/tr><tr><td class=\"has-text-align-center\" data-align=\"center\"><strong>Maltschacher Seewirt<\/strong><br>Region Nockberge<br>Maltschacher See<br><a href=\"https:\/\/www.campingparadies.at\/?page_id=928\">Details<\/a><\/td><td class=\"has-text-align-center\" data-align=\"center\"><\/td><\/tr><\/tbody><\/table><\/figure>\n\n\n\n<p><\/p>\n","protected":false},"excerpt":{"rendered":"<p>Vollbildanzeige Unsere Partner-Campingpl\u00e4tze Hier findet jeder Camper den richtigen Platz f\u00fcr sich! Der Wunsch, wertvolle Zeit drau\u00dfen in der Natur<\/p>\n","protected":false},"author":1,"featured_media":0,"parent":0,"menu_order":0,"comment_status":"closed","ping_status":"closed","template":"","meta":{"colormag_page_container_layout":"default_layout","colormag_page_sidebar_layout":"default_layout","_bbp_topic_count":0,"_bbp_reply_count":0,"_bbp_total_topic_count":0,"_bbp_total_reply_count":0,"_bbp_voice_count":0,"_bbp_anonymous_reply_count":0,"_bbp_topic_count_hidden":0,"_bbp_reply_count_hidden":0,"_bbp_forum_subforum_count":0,"footnotes":""},"class_list":["post-534","page","type-page","status-publish","hentry"],"_links":{"self":[{"href":"https:\/\/www.campingparadies.at\/index.php?rest_route=\/wp\/v2\/pages\/534","targetHints":{"allow":["GET"]}}],"collection":[{"href":"https:\/\/www.campingparadies.at\/index.php?rest_route=\/wp\/v2\/pages"}],"about":[{"href":"https:\/\/www.campingparadies.at\/index.php?rest_route=\/wp\/v2\/types\/page"}],"author":[{"embeddable":true,"href":"https:\/\/www.campingparadies.at\/index.php?rest_route=\/wp\/v2\/users\/1"}],"replies":[{"embeddable":true,"href":"https:\/\/www.campingparadies.at\/index.php?rest_route=%2Fwp%2Fv2%2Fcomments&post=534"}],"version-history":[{"count":47,"href":"https:\/\/www.campingparadies.at\/index.php?rest_route=\/wp\/v2\/pages\/534\/revisions"}],"predecessor-version":[{"id":1084,"href":"https:\/\/www.campingparadies.at\/index.php?rest_route=\/wp\/v2\/pages\/534\/revisions\/1084"}],"wp:attachment":[{"href":"https:\/\/www.campingparadies.at\/index.php?rest_route=%2Fwp%2Fv2%2Fmedia&parent=534"}],"curies":[{"name":"wp","href":"https:\/\/api.w.org\/{rel}","templated":true}]}}