{"id":38,"date":"2017-01-11T16:21:20","date_gmt":"2017-01-11T15:21:20","guid":{"rendered":"http:\/\/localhost:8080\/wordpress2\/?page_id=38"},"modified":"2026-01-09T13:58:28","modified_gmt":"2026-01-09T12:58:28","slug":"kontakt-2","status":"publish","type":"page","link":"https:\/\/www.campingparadies.at\/?page_id=38","title":{"rendered":"Impressum"},"content":{"rendered":"<h4>K\u00e4rntens Campingparadies<\/h4>\n<p>\u201eK\u00e4rntens Campingparadies\u201c ist eine gemeinsame Marketing-Kooperation mehrerer Campingpl\u00e4tze in Zusammenarbeit mit der Region MBN. Ziel ist es, die Campingangebote der teilnehmenden Betriebe geb\u00fcndelt zu pr\u00e4sentieren und gemeinsam zu bewerben.<\/p>\n<p>Millst\u00e4tter See &#8211; Bad Kleinkirchheim &#8211; Nockberge Tourismusmanagement GmbH<br \/>\nHauptstra\u00dfe 4\/2<br \/>\n9545 Radenthein<br \/>\nTel.: +43 4246 37444<br \/>\n<a href=\"mailto:info@mbn-tourismus.at\" target=\"_blank\" rel=\"noopener\">info@mbn-tourismus.at<\/a><\/p>\n<h4>Bildnachweis<\/h4>\n<p>Die Bilder, die hier auf dieser Website Verwendung finden stammen von: Millst\u00e4tter See Tourismus Gesellschaft, Steve Haider, Franz Gerdl, K\u00e4rnten Werbung, Zupanc<\/p>\n","protected":false},"excerpt":{"rendered":"<p>K\u00e4rntens Campingparadies \u201eK\u00e4rntens Campingparadies\u201c ist eine gemeinsame Marketing-Kooperation mehrerer Campingpl\u00e4tze in Zusammenarbeit mit der Region MBN. Ziel ist es, die<\/p>\n","protected":false},"author":1,"featured_media":0,"parent":0,"menu_order":0,"comment_status":"closed","ping_status":"closed","template":"","meta":{"colormag_page_container_layout":"default_layout","colormag_page_sidebar_layout":"default_layout","_bbp_topic_count":0,"_bbp_reply_count":0,"_bbp_total_topic_count":0,"_bbp_total_reply_count":0,"_bbp_voice_count":0,"_bbp_anonymous_reply_count":0,"_bbp_topic_count_hidden":0,"_bbp_reply_count_hidden":0,"_bbp_forum_subforum_count":0,"footnotes":""},"class_list":["post-38","page","type-page","status-publish","hentry"],"_links":{"self":[{"href":"https:\/\/www.campingparadies.at\/index.php?rest_route=\/wp\/v2\/pages\/38","targetHints":{"allow":["GET"]}}],"collection":[{"href":"https:\/\/www.campingparadies.at\/index.php?rest_route=\/wp\/v2\/pages"}],"about":[{"href":"https:\/\/www.campingparadies.at\/index.php?rest_route=\/wp\/v2\/types\/page"}],"author":[{"embeddable":true,"href":"https:\/\/www.campingparadies.at\/index.php?rest_route=\/wp\/v2\/users\/1"}],"replies":[{"embeddable":true,"href":"https:\/\/www.campingparadies.at\/index.php?rest_route=%2Fwp%2Fv2%2Fcomments&post=38"}],"version-history":[{"count":5,"href":"https:\/\/www.campingparadies.at\/index.php?rest_route=\/wp\/v2\/pages\/38\/revisions"}],"predecessor-version":[{"id":1074,"href":"https:\/\/www.campingparadies.at\/index.php?rest_route=\/wp\/v2\/pages\/38\/revisions\/1074"}],"wp:attachment":[{"href":"https:\/\/www.campingparadies.at\/index.php?rest_route=%2Fwp%2Fv2%2Fmedia&parent=38"}],"curies":[{"name":"wp","href":"https:\/\/api.w.org\/{rel}","templated":true}]}}