{"id":130,"date":"2017-01-16T22:48:46","date_gmt":"2017-01-16T21:48:46","guid":{"rendered":"http:\/\/localhost:8080\/wordpress2\/?page_id=130"},"modified":"2026-01-09T13:52:17","modified_gmt":"2026-01-09T12:52:17","slug":"lage-anfahrt","status":"publish","type":"page","link":"https:\/\/www.campingparadies.at\/?page_id=130","title":{"rendered":"Lage &#038; Anfahrt"},"content":{"rendered":"<h2>DER WEG INS CAMPINGPARADIES &#8230;<\/h2>\n<p><iframe loading=\"lazy\" style=\"border: 0;\" src=\"https:\/\/www.google.com\/maps\/embed?pb=!1m14!1m12!1m3!1d87435.93036353154!2d13.585624632324214!3d46.77725753362202!2m3!1f0!2f0!3f0!3m2!1i1024!2i768!4f13.1!5e0!3m2!1sde!2sde!4v1485258485916\" width=\"950\" height=\"600\" frameborder=\"0\" allowfullscreen=\"allowfullscreen\"><\/iframe><\/p>\n<h3>Route berechnen<\/h3>\n<p>(externer Tab zu google maps):<\/p>\n<form action=\"https:\/\/maps.google.com\/maps\" method=\"get\" target=\"_blank\"><label>Startadresse (mit Ort)<\/label><br \/>\n<input class=\"inputbox\" name=\"saddr\" type=\"text\" value=\"\" \/><br \/>\n<label>Zieladresse<\/label><br \/>\n<select name=\"daddr\"><option value=\"Camping Neubauer, Dellach 3, Millstatt\">Camping Neubauer<\/option><option value=\"Textil- und FKK-Camping Pesenthein, Pesenthein\">Camping Pesenthein<\/option><option value=\"Camping Gauglerhof, Matzelsdorf 2, Millstatt\">Camping &amp; Appartments Gauglerhof<\/option><option value=\"Camping Burstaller, D\u00f6briach\">Komfort-Campingpark Burgstaller<\/option><option value=\"Schwimmbad Camping M\u00f6ssler, Glanzerstra\u00dfe 24, D\u00f6briach\">Schwimmbad Camping M\u00f6ssler<\/option><option value=\"Seecamping M\u00f6ssler, Seefeldstra\u00dfe 1, D\u00f6briach\">Seecamping M\u00f6ssler<\/option><option value=\"Maltschacher Seewirt, Maltschach am See 2, 9560 Feldkirchen\">Maltschacher Seewirt<\/option><\/select><br \/>\n<button type=\"submit\">Karte aufrufen<\/button><\/form>\n","protected":false},"excerpt":{"rendered":"<p>DER WEG INS CAMPINGPARADIES &#8230; Route berechnen (externer Tab zu google maps): Startadresse (mit Ort) Zieladresse Camping NeubauerCamping PesentheinCamping &amp;<\/p>\n","protected":false},"author":1,"featured_media":0,"parent":0,"menu_order":0,"comment_status":"closed","ping_status":"closed","template":"","meta":{"colormag_page_container_layout":"default_layout","colormag_page_sidebar_layout":"default_layout","_bbp_topic_count":0,"_bbp_reply_count":0,"_bbp_total_topic_count":0,"_bbp_total_reply_count":0,"_bbp_voice_count":0,"_bbp_anonymous_reply_count":0,"_bbp_topic_count_hidden":0,"_bbp_reply_count_hidden":0,"_bbp_forum_subforum_count":0,"footnotes":""},"class_list":["post-130","page","type-page","status-publish","hentry"],"_links":{"self":[{"href":"https:\/\/www.campingparadies.at\/index.php?rest_route=\/wp\/v2\/pages\/130","targetHints":{"allow":["GET"]}}],"collection":[{"href":"https:\/\/www.campingparadies.at\/index.php?rest_route=\/wp\/v2\/pages"}],"about":[{"href":"https:\/\/www.campingparadies.at\/index.php?rest_route=\/wp\/v2\/types\/page"}],"author":[{"embeddable":true,"href":"https:\/\/www.campingparadies.at\/index.php?rest_route=\/wp\/v2\/users\/1"}],"replies":[{"embeddable":true,"href":"https:\/\/www.campingparadies.at\/index.php?rest_route=%2Fwp%2Fv2%2Fcomments&post=130"}],"version-history":[{"count":6,"href":"https:\/\/www.campingparadies.at\/index.php?rest_route=\/wp\/v2\/pages\/130\/revisions"}],"predecessor-version":[{"id":1070,"href":"https:\/\/www.campingparadies.at\/index.php?rest_route=\/wp\/v2\/pages\/130\/revisions\/1070"}],"wp:attachment":[{"href":"https:\/\/www.campingparadies.at\/index.php?rest_route=%2Fwp%2Fv2%2Fmedia&parent=130"}],"curies":[{"name":"wp","href":"https:\/\/api.w.org\/{rel}","templated":true}]}}